{"id":1410,"date":"2023-05-24T09:38:21","date_gmt":"2023-05-24T07:38:21","guid":{"rendered":"https:\/\/treat.nl\/?page_id=1410"},"modified":"2026-04-09T12:00:14","modified_gmt":"2026-04-09T10:00:14","slug":"tailor-made-event","status":"publish","type":"page","link":"https:\/\/treat.nl\/en\/event-op-maat\/","title":{"rendered":"Custom event"},"content":{"rendered":"\t\t<div data-elementor-type=\"wp-page\" data-elementor-id=\"1410\" class=\"elementor elementor-1410\" data-elementor-post-type=\"page\">\n\t\t\t\t<div class=\"elementor-element elementor-element-020be17 e-flex e-con-boxed e-con e-parent\" data-id=\"020be17\" data-element_type=\"container\" data-e-type=\"container\" data-settings=\"{&quot;background_background&quot;:&quot;classic&quot;,&quot;jet_parallax_layout_list&quot;:[]}\">\n\t\t\t\t\t<div class=\"e-con-inner\">\n\t\t<div class=\"elementor-element elementor-element-01d6d5b e-con-full e-flex e-con e-child\" data-id=\"01d6d5b\" data-element_type=\"container\" data-e-type=\"container\" data-settings=\"{&quot;jet_parallax_layout_list&quot;:[]}\">\n\t\t\t\t<\/div>\n\t\t\t\t\t<\/div>\n\t\t\t\t<\/div>\n\t\t<div class=\"elementor-element elementor-element-d5e7702 e-flex e-con-boxed e-con e-parent\" data-id=\"d5e7702\" data-element_type=\"container\" data-e-type=\"container\" data-settings=\"{&quot;background_background&quot;:&quot;classic&quot;,&quot;jet_parallax_layout_list&quot;:[]}\">\n\t\t\t\t\t<div class=\"e-con-inner\">\n\t\t<div class=\"elementor-element elementor-element-2378ed9 e-con-full e-flex elementor-invisible e-con e-child\" data-id=\"2378ed9\" data-element_type=\"container\" data-e-type=\"container\" data-settings=\"{&quot;animation&quot;:&quot;fadeInRight&quot;,&quot;jet_parallax_layout_list&quot;:[]}\">\n\t\t\t\t<div class=\"elementor-element elementor-element-be41029 elementor-widget elementor-widget-heading\" data-id=\"be41029\" data-element_type=\"widget\" data-e-type=\"widget\" data-widget_type=\"heading.default\">\n\t\t\t\t<div class=\"elementor-widget-container\">\n\t\t\t\t\t<h2 class=\"elementor-heading-title elementor-size-default\">Jouw evenement, precies zoals jij het wilt!<\/h2>\t\t\t\t<\/div>\n\t\t\t\t<\/div>\n\t\t\t\t<div class=\"elementor-element elementor-element-f5a934d elementor-widget elementor-widget-heading\" data-id=\"f5a934d\" data-element_type=\"widget\" data-e-type=\"widget\" data-widget_type=\"heading.default\">\n\t\t\t\t<div class=\"elementor-widget-container\">\n\t\t\t\t\t<h2 class=\"elementor-heading-title elementor-size-default\">Event op maat in Maastricht en Zuid - Limburg<\/h2>\t\t\t\t<\/div>\n\t\t\t\t<\/div>\n\t\t\t\t<div class=\"elementor-element elementor-element-7aba266 elementor-widget elementor-widget-text-editor\" data-id=\"7aba266\" data-element_type=\"widget\" data-e-type=\"widget\" data-widget_type=\"text-editor.default\">\n\t\t\t\t<div class=\"elementor-widget-container\">\n\t\t\t\t\t\t\t\t\t<p>Of je nu absoluut g\u00e9\u00e9n of duizend-en-\u00e9\u00e9n idee\u00ebn hebt, ons creatieve brein staat altijd aan! En dat zie je terug in de vele events in Maastricht en Zuid-Limburg die wij in de afgelopen 20 jaar georganiseerd hebben. Van kleinschalige VIP events tot een sponsordiner met 1000 man in de A2 tunnel vlak voordat deze geopend werd. The sky is the limit! En het mooie is dat wij alles voor jou organiseren; van de uitnodiging tot de bedankjes. Zo heb jij er geen omkijken naar en blik je met trots terug op een geslaagde middag, avond of zelfs weekend!<\/p><p>Laat je hieronder inspireren door bedrijven die jou voorgingen. Enthousiast? Dan brainstormen we graag samen met jou over jouw unieke event in Maastricht of omstreken.<\/p>\t\t\t\t\t\t\t\t<\/div>\n\t\t\t\t<\/div>\n\t\t\t\t<div class=\"elementor-element elementor-element-ae73f84 elementor-align-center elementor-widget elementor-widget-button\" data-id=\"ae73f84\" data-element_type=\"widget\" data-e-type=\"widget\" data-widget_type=\"button.default\">\n\t\t\t\t<div class=\"elementor-widget-container\">\n\t\t\t\t\t\t\t\t\t<div class=\"elementor-button-wrapper\">\n\t\t\t\t\t<a class=\"elementor-button elementor-button-link elementor-size-lg\" href=\"https:\/\/treat.nl\/contact\/\">\n\t\t\t\t\t\t<span class=\"elementor-button-content-wrapper\">\n\t\t\t\t\t\t\t\t\t<span class=\"elementor-button-text\">BRAINSTORM AANVRAGEN<\/span>\n\t\t\t\t\t<\/span>\n\t\t\t\t\t<\/a>\n\t\t\t\t<\/div>\n\t\t\t\t\t\t\t\t<\/div>\n\t\t\t\t<\/div>\n\t\t\t\t<\/div>\n\t\t\t\t\t<\/div>\n\t\t\t\t<\/div>\n\t\t<div class=\"elementor-element elementor-element-208f37d e-flex e-con-boxed e-con e-parent\" data-id=\"208f37d\" data-element_type=\"container\" data-e-type=\"container\" data-settings=\"{&quot;jet_parallax_layout_list&quot;:[]}\">\n\t\t\t\t\t<div class=\"e-con-inner\">\n\t\t\t\t<div class=\"elementor-element elementor-element-a7c3846 elementor-widget__width-inherit elementor-widget elementor-widget-jet-listing-grid\" data-id=\"a7c3846\" data-element_type=\"widget\" data-e-type=\"widget\" data-settings=\"{&quot;columns_mobile&quot;:&quot;1&quot;,&quot;columns_tablet&quot;:&quot;2&quot;,&quot;columns&quot;:3}\" data-widget_type=\"jet-listing-grid.default\">\n\t\t\t\t<div class=\"elementor-widget-container\">\n\t\t\t\t\t<div class=\"jet-listing-grid jet-listing\"><div class=\"jet-listing-grid__items grid-col-desk-3 grid-col-tablet-2 grid-col-mobile-1 jet-listing-grid--276 jet-equal-columns__wrapper grid-collapse-gap\" data-queried-id=\"1410|WP_Post\" data-nav=\"{&quot;enabled&quot;:false,&quot;type&quot;:null,&quot;more_el&quot;:null,&quot;query&quot;:[],&quot;widget_settings&quot;:{&quot;lisitng_id&quot;:276,&quot;posts_num&quot;:999,&quot;columns&quot;:3,&quot;columns_tablet&quot;:2,&quot;columns_mobile&quot;:1,&quot;column_min_width&quot;:240,&quot;column_min_width_tablet&quot;:240,&quot;column_min_width_mobile&quot;:240,&quot;inline_columns_css&quot;:false,&quot;is_archive_template&quot;:&quot;&quot;,&quot;post_status&quot;:[&quot;publish&quot;],&quot;use_random_posts_num&quot;:&quot;&quot;,&quot;max_posts_num&quot;:9,&quot;not_found_message&quot;:&quot;No data was found&quot;,&quot;is_masonry&quot;:false,&quot;equal_columns_height&quot;:&quot;yes&quot;,&quot;use_load_more&quot;:&quot;&quot;,&quot;load_more_id&quot;:&quot;&quot;,&quot;load_more_type&quot;:&quot;click&quot;,&quot;load_more_offset&quot;:null,&quot;use_custom_post_types&quot;:&quot;&quot;,&quot;custom_post_types&quot;:[],&quot;hide_widget_if&quot;:&quot;&quot;,&quot;carousel_enabled&quot;:&quot;&quot;,&quot;slides_to_scroll&quot;:&quot;1&quot;,&quot;arrows&quot;:&quot;true&quot;,&quot;arrow_icon&quot;:&quot;fa fa-angle-left&quot;,&quot;dots&quot;:&quot;&quot;,&quot;autoplay&quot;:&quot;true&quot;,&quot;pause_on_hover&quot;:&quot;true&quot;,&quot;autoplay_speed&quot;:5000,&quot;infinite&quot;:&quot;true&quot;,&quot;center_mode&quot;:&quot;&quot;,&quot;effect&quot;:&quot;slide&quot;,&quot;speed&quot;:500,&quot;inject_alternative_items&quot;:&quot;&quot;,&quot;injection_items&quot;:[],&quot;scroll_slider_enabled&quot;:&quot;&quot;,&quot;scroll_slider_on&quot;:[&quot;desktop&quot;,&quot;tablet&quot;,&quot;mobile&quot;],&quot;custom_query&quot;:false,&quot;custom_query_id&quot;:&quot;&quot;,&quot;_element_id&quot;:&quot;&quot;,&quot;collapse_first_last_gap&quot;:&quot;true&quot;,&quot;list_tag_selection&quot;:&quot;&quot;,&quot;list_items_wrapper_tag&quot;:&quot;div&quot;,&quot;list_item_tag&quot;:&quot;div&quot;,&quot;empty_items_wrapper_tag&quot;:&quot;div&quot;}}\" data-page=\"1\" data-pages=\"1\" data-listing-source=\"posts\" data-listing-id=\"276\" data-query-id=\"\"><div class=\"jet-listing-grid__item jet-listing-dynamic-post-984 jet-equal-columns\" data-post-id=\"984\"  ><style type=\"text\/css\">.jet-listing-dynamic-post-984 .elementor-element.elementor-element-453a1f8:not(.elementor-motion-effects-element-type-background), .jet-listing-dynamic-post-984 .elementor-element.elementor-element-453a1f8 > .elementor-motion-effects-container > .elementor-motion-effects-layer{background-image:url(\"https:\/\/treat.nl\/wp-content\/uploads\/2022\/05\/043Web.nl_TreaT-38-copy.jpg\");}<\/style><div class=\"jet-engine-listing-overlay-wrap\" data-url=\"https:\/\/treat.nl\/en\/event-op-maat\/incentives\/\">\t\t<div data-elementor-type=\"jet-listing-items\" data-elementor-id=\"276\" class=\"elementor elementor-276\" data-elementor-post-type=\"jet-engine\">\n\t\t\t\t\t\t<section class=\"elementor-section elementor-top-section elementor-element elementor-element-453a1f8 elementor-section-height-min-height elementor-section-boxed elementor-section-height-default elementor-section-items-middle\" data-id=\"453a1f8\" data-element_type=\"section\" data-e-type=\"section\" data-settings=\"{&quot;jet_parallax_layout_list&quot;:[],&quot;background_background&quot;:&quot;classic&quot;}\">\n\t\t\t\t\t\t\t<div class=\"elementor-background-overlay\"><\/div>\n\t\t\t\t\t\t\t<div class=\"elementor-container elementor-column-gap-default\">\n\t\t\t\t\t<div class=\"elementor-column elementor-col-100 elementor-top-column elementor-element elementor-element-764ab69\" data-id=\"764ab69\" data-element_type=\"column\" data-e-type=\"column\">\n\t\t\t<div class=\"elementor-widget-wrap elementor-element-populated\">\n\t\t\t\t\t\t<div class=\"elementor-element elementor-element-d4ca819 elementor-widget elementor-widget-heading\" data-id=\"d4ca819\" data-element_type=\"widget\" data-e-type=\"widget\" data-widget_type=\"heading.default\">\n\t\t\t\t<div class=\"elementor-widget-container\">\n\t\t\t\t\t<h2 class=\"elementor-heading-title elementor-size-default\">Incentives<\/h2>\t\t\t\t<\/div>\n\t\t\t\t<\/div>\n\t\t\t\t\t<\/div>\n\t\t<\/div>\n\t\t\t\t\t<\/div>\n\t\t<\/section>\n\t\t\t\t<\/div>\n\t\t<a href=\"https:\/\/treat.nl\/en\/event-op-maat\/incentives\/\" class=\"jet-engine-listing-overlay-link\"><\/a><\/div><\/div><div class=\"jet-listing-grid__item jet-listing-dynamic-post-976 jet-equal-columns\" data-post-id=\"976\"  ><style type=\"text\/css\">.jet-listing-dynamic-post-976 .elementor-element.elementor-element-453a1f8:not(.elementor-motion-effects-element-type-background), .jet-listing-dynamic-post-976 .elementor-element.elementor-element-453a1f8 > .elementor-motion-effects-container > .elementor-motion-effects-layer{background-image:url(\"https:\/\/treat.nl\/wp-content\/uploads\/2022\/05\/Ofyr-1.jpg\");}<\/style><div class=\"jet-engine-listing-overlay-wrap\" data-url=\"https:\/\/treat.nl\/en\/event-op-maat\/relatie-event\/\">\t\t<div data-elementor-type=\"jet-listing-items\" data-elementor-id=\"276\" class=\"elementor elementor-276\" data-elementor-post-type=\"jet-engine\">\n\t\t\t\t\t\t<section class=\"elementor-section elementor-top-section elementor-element elementor-element-453a1f8 elementor-section-height-min-height elementor-section-boxed elementor-section-height-default elementor-section-items-middle\" data-id=\"453a1f8\" data-element_type=\"section\" data-e-type=\"section\" data-settings=\"{&quot;jet_parallax_layout_list&quot;:[],&quot;background_background&quot;:&quot;classic&quot;}\">\n\t\t\t\t\t\t\t<div class=\"elementor-background-overlay\"><\/div>\n\t\t\t\t\t\t\t<div class=\"elementor-container elementor-column-gap-default\">\n\t\t\t\t\t<div class=\"elementor-column elementor-col-100 elementor-top-column elementor-element elementor-element-764ab69\" data-id=\"764ab69\" data-element_type=\"column\" data-e-type=\"column\">\n\t\t\t<div class=\"elementor-widget-wrap elementor-element-populated\">\n\t\t\t\t\t\t<div class=\"elementor-element elementor-element-d4ca819 elementor-widget elementor-widget-heading\" data-id=\"d4ca819\" data-element_type=\"widget\" data-e-type=\"widget\" data-widget_type=\"heading.default\">\n\t\t\t\t<div class=\"elementor-widget-container\">\n\t\t\t\t\t<h2 class=\"elementor-heading-title elementor-size-default\">Relatie event<\/h2>\t\t\t\t<\/div>\n\t\t\t\t<\/div>\n\t\t\t\t\t<\/div>\n\t\t<\/div>\n\t\t\t\t\t<\/div>\n\t\t<\/section>\n\t\t\t\t<\/div>\n\t\t<a href=\"https:\/\/treat.nl\/en\/event-op-maat\/relatie-event\/\" class=\"jet-engine-listing-overlay-link\"><\/a><\/div><\/div><div class=\"jet-listing-grid__item jet-listing-dynamic-post-956 jet-equal-columns\" data-post-id=\"956\"  ><style type=\"text\/css\">.jet-listing-dynamic-post-956 .elementor-element.elementor-element-453a1f8:not(.elementor-motion-effects-element-type-background), .jet-listing-dynamic-post-956 .elementor-element.elementor-element-453a1f8 > .elementor-motion-effects-container > .elementor-motion-effects-layer{background-image:url(\"https:\/\/treat.nl\/wp-content\/uploads\/2022\/05\/Opening-paviloen-Gerlach-3.jpg\");}<\/style><div class=\"jet-engine-listing-overlay-wrap\" data-url=\"https:\/\/treat.nl\/en\/event-op-maat\/opening\/\">\t\t<div data-elementor-type=\"jet-listing-items\" data-elementor-id=\"276\" class=\"elementor elementor-276\" data-elementor-post-type=\"jet-engine\">\n\t\t\t\t\t\t<section class=\"elementor-section elementor-top-section elementor-element elementor-element-453a1f8 elementor-section-height-min-height elementor-section-boxed elementor-section-height-default elementor-section-items-middle\" data-id=\"453a1f8\" data-element_type=\"section\" data-e-type=\"section\" data-settings=\"{&quot;jet_parallax_layout_list&quot;:[],&quot;background_background&quot;:&quot;classic&quot;}\">\n\t\t\t\t\t\t\t<div class=\"elementor-background-overlay\"><\/div>\n\t\t\t\t\t\t\t<div class=\"elementor-container elementor-column-gap-default\">\n\t\t\t\t\t<div class=\"elementor-column elementor-col-100 elementor-top-column elementor-element elementor-element-764ab69\" data-id=\"764ab69\" data-element_type=\"column\" data-e-type=\"column\">\n\t\t\t<div class=\"elementor-widget-wrap elementor-element-populated\">\n\t\t\t\t\t\t<div class=\"elementor-element elementor-element-d4ca819 elementor-widget elementor-widget-heading\" data-id=\"d4ca819\" data-element_type=\"widget\" data-e-type=\"widget\" data-widget_type=\"heading.default\">\n\t\t\t\t<div class=\"elementor-widget-container\">\n\t\t\t\t\t<h2 class=\"elementor-heading-title elementor-size-default\">Opening<\/h2>\t\t\t\t<\/div>\n\t\t\t\t<\/div>\n\t\t\t\t\t<\/div>\n\t\t<\/div>\n\t\t\t\t\t<\/div>\n\t\t<\/section>\n\t\t\t\t<\/div>\n\t\t<a href=\"https:\/\/treat.nl\/en\/event-op-maat\/opening\/\" class=\"jet-engine-listing-overlay-link\"><\/a><\/div><\/div><div class=\"jet-listing-grid__item jet-listing-dynamic-post-943 jet-equal-columns\" data-post-id=\"943\"  ><style type=\"text\/css\">.jet-listing-dynamic-post-943 .elementor-element.elementor-element-453a1f8:not(.elementor-motion-effects-element-type-background), .jet-listing-dynamic-post-943 .elementor-element.elementor-element-453a1f8 > .elementor-motion-effects-container > .elementor-motion-effects-layer{background-image:url(\"https:\/\/treat.nl\/wp-content\/uploads\/2022\/05\/benvanoosterbosch.nl_treatevents_capra-4.jpg\");}<\/style><div class=\"jet-engine-listing-overlay-wrap\" data-url=\"https:\/\/treat.nl\/en\/event-op-maat\/personeelsfeest\/\">\t\t<div data-elementor-type=\"jet-listing-items\" data-elementor-id=\"276\" class=\"elementor elementor-276\" data-elementor-post-type=\"jet-engine\">\n\t\t\t\t\t\t<section class=\"elementor-section elementor-top-section elementor-element elementor-element-453a1f8 elementor-section-height-min-height elementor-section-boxed elementor-section-height-default elementor-section-items-middle\" data-id=\"453a1f8\" data-element_type=\"section\" data-e-type=\"section\" data-settings=\"{&quot;jet_parallax_layout_list&quot;:[],&quot;background_background&quot;:&quot;classic&quot;}\">\n\t\t\t\t\t\t\t<div class=\"elementor-background-overlay\"><\/div>\n\t\t\t\t\t\t\t<div class=\"elementor-container elementor-column-gap-default\">\n\t\t\t\t\t<div class=\"elementor-column elementor-col-100 elementor-top-column elementor-element elementor-element-764ab69\" data-id=\"764ab69\" data-element_type=\"column\" data-e-type=\"column\">\n\t\t\t<div class=\"elementor-widget-wrap elementor-element-populated\">\n\t\t\t\t\t\t<div class=\"elementor-element elementor-element-d4ca819 elementor-widget elementor-widget-heading\" data-id=\"d4ca819\" data-element_type=\"widget\" data-e-type=\"widget\" data-widget_type=\"heading.default\">\n\t\t\t\t<div class=\"elementor-widget-container\">\n\t\t\t\t\t<h2 class=\"elementor-heading-title elementor-size-default\">Personeelsfeest<\/h2>\t\t\t\t<\/div>\n\t\t\t\t<\/div>\n\t\t\t\t\t<\/div>\n\t\t<\/div>\n\t\t\t\t\t<\/div>\n\t\t<\/section>\n\t\t\t\t<\/div>\n\t\t<a href=\"https:\/\/treat.nl\/en\/event-op-maat\/personeelsfeest\/\" class=\"jet-engine-listing-overlay-link\"><\/a><\/div><\/div><div class=\"jet-listing-grid__item jet-listing-dynamic-post-924 jet-equal-columns\" data-post-id=\"924\"  ><style type=\"text\/css\">.jet-listing-dynamic-post-924 .elementor-element.elementor-element-453a1f8:not(.elementor-motion-effects-element-type-background), .jet-listing-dynamic-post-924 .elementor-element.elementor-element-453a1f8 > .elementor-motion-effects-container > .elementor-motion-effects-layer{background-image:url(\"https:\/\/treat.nl\/wp-content\/uploads\/2022\/05\/Ferran-Adria-3.jpg\");}<\/style><div class=\"jet-engine-listing-overlay-wrap\" data-url=\"https:\/\/treat.nl\/en\/event-op-maat\/vip-event\/\">\t\t<div data-elementor-type=\"jet-listing-items\" data-elementor-id=\"276\" class=\"elementor elementor-276\" data-elementor-post-type=\"jet-engine\">\n\t\t\t\t\t\t<section class=\"elementor-section elementor-top-section elementor-element elementor-element-453a1f8 elementor-section-height-min-height elementor-section-boxed elementor-section-height-default elementor-section-items-middle\" data-id=\"453a1f8\" data-element_type=\"section\" data-e-type=\"section\" data-settings=\"{&quot;jet_parallax_layout_list&quot;:[],&quot;background_background&quot;:&quot;classic&quot;}\">\n\t\t\t\t\t\t\t<div class=\"elementor-background-overlay\"><\/div>\n\t\t\t\t\t\t\t<div class=\"elementor-container elementor-column-gap-default\">\n\t\t\t\t\t<div class=\"elementor-column elementor-col-100 elementor-top-column elementor-element elementor-element-764ab69\" data-id=\"764ab69\" data-element_type=\"column\" data-e-type=\"column\">\n\t\t\t<div class=\"elementor-widget-wrap elementor-element-populated\">\n\t\t\t\t\t\t<div class=\"elementor-element elementor-element-d4ca819 elementor-widget elementor-widget-heading\" data-id=\"d4ca819\" data-element_type=\"widget\" data-e-type=\"widget\" data-widget_type=\"heading.default\">\n\t\t\t\t<div class=\"elementor-widget-container\">\n\t\t\t\t\t<h2 class=\"elementor-heading-title elementor-size-default\">VIP Event<\/h2>\t\t\t\t<\/div>\n\t\t\t\t<\/div>\n\t\t\t\t\t<\/div>\n\t\t<\/div>\n\t\t\t\t\t<\/div>\n\t\t<\/section>\n\t\t\t\t<\/div>\n\t\t<a href=\"https:\/\/treat.nl\/en\/event-op-maat\/vip-event\/\" class=\"jet-engine-listing-overlay-link\"><\/a><\/div><\/div><div class=\"jet-listing-grid__item jet-listing-dynamic-post-389 jet-equal-columns\" data-post-id=\"389\"  ><style type=\"text\/css\">.jet-listing-dynamic-post-389 .elementor-element.elementor-element-453a1f8:not(.elementor-motion-effects-element-type-background), .jet-listing-dynamic-post-389 .elementor-element.elementor-element-453a1f8 > .elementor-motion-effects-container > .elementor-motion-effects-layer{background-image:url(\"https:\/\/treat.nl\/wp-content\/uploads\/2022\/05\/Ronald-Berger-5.jpg\");}<\/style><div class=\"jet-engine-listing-overlay-wrap\" data-url=\"https:\/\/treat.nl\/en\/event-op-maat\/jubileum-event\/\">\t\t<div data-elementor-type=\"jet-listing-items\" data-elementor-id=\"276\" class=\"elementor elementor-276\" data-elementor-post-type=\"jet-engine\">\n\t\t\t\t\t\t<section class=\"elementor-section elementor-top-section elementor-element elementor-element-453a1f8 elementor-section-height-min-height elementor-section-boxed elementor-section-height-default elementor-section-items-middle\" data-id=\"453a1f8\" data-element_type=\"section\" data-e-type=\"section\" data-settings=\"{&quot;jet_parallax_layout_list&quot;:[],&quot;background_background&quot;:&quot;classic&quot;}\">\n\t\t\t\t\t\t\t<div class=\"elementor-background-overlay\"><\/div>\n\t\t\t\t\t\t\t<div class=\"elementor-container elementor-column-gap-default\">\n\t\t\t\t\t<div class=\"elementor-column elementor-col-100 elementor-top-column elementor-element elementor-element-764ab69\" data-id=\"764ab69\" data-element_type=\"column\" data-e-type=\"column\">\n\t\t\t<div class=\"elementor-widget-wrap elementor-element-populated\">\n\t\t\t\t\t\t<div class=\"elementor-element elementor-element-d4ca819 elementor-widget elementor-widget-heading\" data-id=\"d4ca819\" data-element_type=\"widget\" data-e-type=\"widget\" data-widget_type=\"heading.default\">\n\t\t\t\t<div class=\"elementor-widget-container\">\n\t\t\t\t\t<h2 class=\"elementor-heading-title elementor-size-default\">Jubileum event<\/h2>\t\t\t\t<\/div>\n\t\t\t\t<\/div>\n\t\t\t\t\t<\/div>\n\t\t<\/div>\n\t\t\t\t\t<\/div>\n\t\t<\/section>\n\t\t\t\t<\/div>\n\t\t<a href=\"https:\/\/treat.nl\/en\/event-op-maat\/jubileum-event\/\" class=\"jet-engine-listing-overlay-link\"><\/a><\/div><\/div><\/div><\/div>\t\t\t\t<\/div>\n\t\t\t\t<\/div>\n\t\t\t\t\t<\/div>\n\t\t\t\t<\/div>\n\t\t\t\t<\/div>\n\t\t","protected":false},"excerpt":{"rendered":"<p>Jouw evenement, precies zoals jij het wilt! Event op maat in Maastricht en Zuid &#8211; Limburg Of je nu absoluut g\u00e9\u00e9n of duizend-en-\u00e9\u00e9n idee\u00ebn hebt, ons creatieve brein staat altijd aan! En dat zie je terug in de vele events in Maastricht en Zuid-Limburg die wij in de afgelopen 20 jaar georganiseerd hebben. Van kleinschalige [&hellip;]<\/p>\n","protected":false},"author":1,"featured_media":0,"parent":0,"menu_order":0,"comment_status":"closed","ping_status":"closed","template":"elementor_header_footer","meta":{"footnotes":""},"class_list":["post-1410","page","type-page","status-publish","hentry"],"_links":{"self":[{"href":"https:\/\/treat.nl\/en\/wp-json\/wp\/v2\/pages\/1410","targetHints":{"allow":["GET"]}}],"collection":[{"href":"https:\/\/treat.nl\/en\/wp-json\/wp\/v2\/pages"}],"about":[{"href":"https:\/\/treat.nl\/en\/wp-json\/wp\/v2\/types\/page"}],"author":[{"embeddable":true,"href":"https:\/\/treat.nl\/en\/wp-json\/wp\/v2\/users\/1"}],"replies":[{"embeddable":true,"href":"https:\/\/treat.nl\/en\/wp-json\/wp\/v2\/comments?post=1410"}],"version-history":[{"count":11,"href":"https:\/\/treat.nl\/en\/wp-json\/wp\/v2\/pages\/1410\/revisions"}],"predecessor-version":[{"id":2139,"href":"https:\/\/treat.nl\/en\/wp-json\/wp\/v2\/pages\/1410\/revisions\/2139"}],"wp:attachment":[{"href":"https:\/\/treat.nl\/en\/wp-json\/wp\/v2\/media?parent=1410"}],"curies":[{"name":"wp","href":"https:\/\/api.w.org\/{rel}","templated":true}]}}