{"id":249,"date":"2022-04-08T09:01:12","date_gmt":"2022-04-08T09:01:12","guid":{"rendered":"https:\/\/043test7.nl\/?page_id=249"},"modified":"2026-04-09T11:50:07","modified_gmt":"2026-04-09T09:50:07","slug":"behandeln","status":"publish","type":"page","link":"https:\/\/treat.nl\/de\/treat\/","title":{"rendered":"TreaT"},"content":{"rendered":"<div data-elementor-type=\"wp-page\" data-elementor-id=\"249\" class=\"elementor elementor-249\" data-elementor-post-type=\"page\">\n\t\t\t\t<div class=\"elementor-element elementor-element-b7382e4 e-flex e-con-boxed e-con e-parent\" data-id=\"b7382e4\" data-element_type=\"container\" data-e-type=\"container\" data-settings=\"{&quot;background_background&quot;:&quot;classic&quot;,&quot;jet_parallax_layout_list&quot;:[]}\">\n\t\t\t\t\t<div class=\"e-con-inner\">\n\t\t<div class=\"elementor-element elementor-element-c1fcfb9 e-con-full e-flex e-con e-child\" data-id=\"c1fcfb9\" data-element_type=\"container\" data-e-type=\"container\" data-settings=\"{&quot;jet_parallax_layout_list&quot;:[]}\">\n\t\t\t\t<\/div>\n\t\t\t\t\t<\/div>\n\t\t\t\t<\/div>\n\t\t<div class=\"elementor-element elementor-element-7569744 e-flex e-con-boxed e-con e-parent\" data-id=\"7569744\" data-element_type=\"container\" data-e-type=\"container\" data-settings=\"{&quot;background_background&quot;:&quot;classic&quot;,&quot;jet_parallax_layout_list&quot;:[]}\">\n\t\t\t\t\t<div class=\"e-con-inner\">\n\t\t<div class=\"elementor-element elementor-element-44f16a6 e-con-full e-flex elementor-invisible e-con e-child\" data-id=\"44f16a6\" data-element_type=\"container\" data-e-type=\"container\" data-settings=\"{&quot;animation&quot;:&quot;fadeInRight&quot;,&quot;jet_parallax_layout_list&quot;:[]}\">\n\t\t\t\t<div class=\"elementor-element elementor-element-a33e862 elementor-widget elementor-widget-heading\" data-id=\"a33e862\" data-element_type=\"widget\" data-e-type=\"widget\" data-widget_type=\"heading.default\">\n\t\t\t\t<div class=\"elementor-widget-container\">\n\t\t\t\t\t<h2 class=\"elementor-heading-title elementor-size-default\">Wir bringen Menschen zum Strahlen!<\/h2>\t\t\t\t<\/div>\n\t\t\t\t<\/div>\n\t\t\t\t<div class=\"elementor-element elementor-element-f237eb5 elementor-widget elementor-widget-heading\" data-id=\"f237eb5\" data-element_type=\"widget\" data-e-type=\"widget\" data-widget_type=\"heading.default\">\n\t\t\t\t<div class=\"elementor-widget-container\">\n\t\t\t\t\t<h2 class=\"elementor-heading-title elementor-size-default\">Hinter den Kulissen von TreaT<\/h2>\t\t\t\t<\/div>\n\t\t\t\t<\/div>\n\t\t\t\t<div class=\"elementor-element elementor-element-e08b0b1 elementor-widget elementor-widget-text-editor\" data-id=\"e08b0b1\" data-element_type=\"widget\" data-e-type=\"widget\" data-widget_type=\"text-editor.default\">\n\t\t\t\t<div class=\"elementor-widget-container\">\n\t\t\t\t\t\t\t\t\t<p>TreaT Events ist seit 20 Jahren die Eventagentur von Maastricht und S\u00fcdlimburg und bietet eine breite Palette an beliebten Teamausfl\u00fcgen und lebendigen, individuellen Veranstaltungen. Standard? Auf keinen Fall. TreaT events erfindet und entwickelt jeden Teamausflug und jedes Event selbst! Dadurch k\u00f6nnen Anpassungen schnell vorgenommen werden. Die M\u00f6glichkeiten sind unbegrenzt!<\/p><p>Ihre W\u00fcnsche stehen bei uns immer im Mittelpunkt und nichts ist uns zu verr\u00fcckt. Ein Spiel entwickeln oder adaptieren? Frans macht sich sofort an die Arbeit! Ein Logo oder ein Foto einf\u00fcgen? Maud sorgt daf\u00fcr, dass alles bis ins kleinste Detail stimmt. Mit einem Glas Champagner in den Weinbergen anfangen? Lidwine sorgt gerne f\u00fcr einen burgundischen Genuss! Denn jeder bei TreaT events hat sein eigenes Talent!<\/p><p>Wir sind nicht nur hinter den Kulissen aktiv, sondern  haben auch ein Auge auf den Tag selbst. So kann das gesamte Unternehmen, einschlie\u00dflich des Veranstalters, den Teamausflug in vollen Z\u00fcgen genie\u00dfen und daran teilnehmen. Wir von TreaT events stellen unsere G\u00e4ste in den Vordergrund!<\/p><p>\u00a0<\/p><ul><li>Wir entwickeln, organisieren und betreuen jeden Teamausflug, jedes Firmenevent und jedes Mitarbeiterfest in Maastricht und S\u00fcdlimburg selbst<\/li><li>Individuelle W\u00fcnsche und Ideen? Wir freuen uns schon darauf!<\/li><li>Antwort auf Ihre Frage immer innerhalb von 24 Stunden<\/li><li>Was wir anbieten, ist garantiert verf\u00fcgbar<\/li><li>Transparente Pauschalpreise, keine \u00dcberraschungen im Nachhinein<\/li><\/ul>\t\t\t\t\t\t\t\t<\/div>\n\t\t\t\t<\/div>\n\t\t\t\t<\/div>\n\t\t\t\t\t<\/div>\n\t\t\t\t<\/div>\n\t\t<div class=\"elementor-element elementor-element-c44ae18 e-flex e-con-boxed e-con e-parent\" data-id=\"c44ae18\" data-element_type=\"container\" data-e-type=\"container\" data-settings=\"{&quot;jet_parallax_layout_list&quot;:[]}\">\n\t\t\t\t\t<div class=\"e-con-inner\">\n\t\t<div class=\"elementor-element elementor-element-2190453 e-con-full e-flex e-con e-child\" data-id=\"2190453\" data-element_type=\"container\" data-e-type=\"container\" data-settings=\"{&quot;jet_parallax_layout_list&quot;:[]}\">\n\t\t\t\t<div class=\"elementor-element elementor-element-afe5e28 elementor-widget elementor-widget-heading\" data-id=\"afe5e28\" data-element_type=\"widget\" data-e-type=\"widget\" data-widget_type=\"heading.default\">\n\t\t\t\t<div class=\"elementor-widget-container\">\n\t\t\t\t\t<h2 class=\"elementor-heading-title elementor-size-default\">Die Veranstaltungsexperten<\/h2>\t\t\t\t<\/div>\n\t\t\t\t<\/div>\n\t\t<div class=\"elementor-element elementor-element-e53d96f e-con-full e-grid elementor-invisible e-con e-child\" data-id=\"e53d96f\" data-element_type=\"container\" data-e-type=\"container\" data-settings=\"{&quot;animation&quot;:&quot;fadeInUp&quot;,&quot;jet_parallax_layout_list&quot;:[]}\">\n\t\t\t\t<div class=\"elementor-element elementor-element-e74cd90 elementor-cta--skin-cover elementor-cta--valign-middle elementor-cta--sequenced-animation elementor-animated-content elementor-widget elementor-widget-call-to-action\" data-id=\"e74cd90\" data-element_type=\"widget\" data-e-type=\"widget\" data-widget_type=\"call-to-action.default\">\n\t\t\t\t<div class=\"elementor-widget-container\">\n\t\t\t\t\t\t\t<div class=\"elementor-cta\">\n\t\t\t\t\t<div class=\"elementor-cta__bg-wrapper\">\n\t\t\t\t<div class=\"elementor-cta__bg elementor-bg\" style=\"background-image: url(https:\/\/treat.nl\/wp-content\/uploads\/2022\/04\/MAud2.jpg);\" role=\"img\" aria-label=\"MAud2\"><\/div>\n\t\t\t\t<div class=\"elementor-cta__bg-overlay\"><\/div>\n\t\t\t<\/div>\n\t\t\t\t\t\t\t<div class=\"elementor-cta__content\">\n\t\t\t\t\n\t\t\t\t\t\t\t\t\t<h4 class=\"elementor-cta__title elementor-cta__content-item elementor-content-item elementor-animated-item--fade-in\">\n\t\t\t\t\t\tMaud\t\t\t\t\t<\/h4>\n\t\t\t\t\n\t\t\t\t\t\t\t\t\t<div class=\"elementor-cta__description elementor-cta__content-item elementor-content-item elementor-animated-item--fade-in\">\n\t\t\t\t\t\tMaud managt jede Anfrage und jede Veranstaltung. Sie ist geduldig, eine gute Zuh\u00f6rerin und setzt jeden Kundenwunsch in eine sch\u00f6ne Veranstaltung um. Ihre Pl\u00e4ne sind umfassend und \u00fcberlassen nichts dem Zufall. Sie erstellt ihre eigenen Spiele, organisiert Mottopartys und plant Wochenendausfl\u00fcge. Maud liebt ihre Arbeit, was an den Resultaten sichtbar wird.\t\t\t\t\t<\/div>\n\t\t\t\t\n\t\t\t\t\t\t\t<\/div>\n\t\t\t\t\t\t<\/div>\n\t\t\t\t\t\t<\/div>\n\t\t\t\t<\/div>\n\t\t\t\t<div class=\"elementor-element elementor-element-d26aef9 elementor-cta--skin-cover elementor-cta--valign-middle elementor-cta--sequenced-animation elementor-animated-content elementor-widget elementor-widget-call-to-action\" data-id=\"d26aef9\" data-element_type=\"widget\" data-e-type=\"widget\" data-widget_type=\"call-to-action.default\">\n\t\t\t\t<div class=\"elementor-widget-container\">\n\t\t\t\t\t\t\t<a class=\"elementor-cta\" href=\"#\">\n\t\t\t\t\t<div class=\"elementor-cta__bg-wrapper\">\n\t\t\t\t<div class=\"elementor-cta__bg elementor-bg\" style=\"background-image: url(https:\/\/treat.nl\/wp-content\/uploads\/2022\/04\/Frans2.jpg);\" role=\"img\" aria-label=\"Franz\u00f6sisch2\"><\/div>\n\t\t\t\t<div class=\"elementor-cta__bg-overlay\"><\/div>\n\t\t\t<\/div>\n\t\t\t\t\t\t\t<div class=\"elementor-cta__content\">\n\t\t\t\t\n\t\t\t\t\t\t\t\t\t<h4 class=\"elementor-cta__title elementor-cta__content-item elementor-content-item elementor-animated-item--fade-in\">\n\t\t\t\t\t\tFrans\t\t\t\t\t<\/h4>\n\t\t\t\t\n\t\t\t\t\t\t\t\t\t<div class=\"elementor-cta__description elementor-cta__content-item elementor-content-item elementor-animated-item--fade-in\">\n\t\t\t\t\t\tWenn Sie einen aufrichtigen Rat brauchen, sind Sie bei Frans an der richtigen Adresse. Er ist zielstrebig und hat einen guten Sinn f\u00fcr Humor. Au\u00dferdem ist er der kreative Kopf von TreaT events! Obwohl seine Wurzeln in Amsterdam liegen, kennt er die sch\u00f6nsten Routen in S\u00fcdlimburg. Au\u00dferdem entwickelt er die coolsten Stadtspiele, bei denen ihm seine Leidenschaft f\u00fcr R\u00e4tsel zugute kommt. \t\t\t\t\t<\/div>\n\t\t\t\t\n\t\t\t\t\t\t\t<\/div>\n\t\t\t\t\t\t<\/a>\n\t\t\t\t\t\t<\/div>\n\t\t\t\t<\/div>\n\t\t\t\t<div class=\"elementor-element elementor-element-cd1e859 elementor-cta--skin-cover elementor-cta--valign-middle elementor-cta--sequenced-animation elementor-animated-content elementor-widget elementor-widget-call-to-action\" data-id=\"cd1e859\" data-element_type=\"widget\" data-e-type=\"widget\" data-widget_type=\"call-to-action.default\">\n\t\t\t\t<div class=\"elementor-widget-container\">\n\t\t\t\t\t\t\t<div class=\"elementor-cta\">\n\t\t\t\t\t<div class=\"elementor-cta__bg-wrapper\">\n\t\t\t\t<div class=\"elementor-cta__bg elementor-bg\" style=\"background-image: url(https:\/\/treat.nl\/wp-content\/uploads\/2022\/06\/Lidwine-expert-copy.jpg);\" role=\"img\" aria-label=\"Lidwine-Experte Kopie\"><\/div>\n\t\t\t\t<div class=\"elementor-cta__bg-overlay\"><\/div>\n\t\t\t<\/div>\n\t\t\t\t\t\t\t<div class=\"elementor-cta__content\">\n\t\t\t\t\n\t\t\t\t\t\t\t\t\t<h4 class=\"elementor-cta__title elementor-cta__content-item elementor-content-item elementor-animated-item--fade-in\">\n\t\t\t\t\t\tLidwine\t\t\t\t\t<\/h4>\n\t\t\t\t\n\t\t\t\t\t\t\t\t\t<div class=\"elementor-cta__description elementor-cta__content-item elementor-content-item elementor-animated-item--fade-in\">\n\t\t\t\t\t\tEin enger Zeitplan oder eine lange Anforderungsliste? F\u00fcr Lidwine kein Grund zur Sorge. Organisation liegt ihr im Blut, und selbst die kleinsten Details hat sie stets im Blick. Je anspruchsvoller die Aufgabe, desto mehr l\u00e4uft sie zur H\u00f6chstform auf. Besonders begeistert sie sich f\u00fcr Veranstaltungen mit Tiefgang. In ihrer Freizeit spielt sie leidenschaftlich gern Spiele und genie\u00dft gutes Essen - ganz die echte Limburgerin.\t\t\t\t\t<\/div>\n\t\t\t\t\n\t\t\t\t\t\t\t<\/div>\n\t\t\t\t\t\t<\/div>\n\t\t\t\t\t\t<\/div>\n\t\t\t\t<\/div>\n\t\t\t\t<\/div>\n\t\t\t\t<div class=\"elementor-element elementor-element-d1e22c2 elementor-widget elementor-widget-spacer\" data-id=\"d1e22c2\" data-element_type=\"widget\" data-e-type=\"widget\" data-widget_type=\"spacer.default\">\n\t\t\t\t<div class=\"elementor-widget-container\">\n\t\t\t\t\t\t\t<div class=\"elementor-spacer\">\n\t\t\t<div class=\"elementor-spacer-inner\"><\/div>\n\t\t<\/div>\n\t\t\t\t\t\t<\/div>\n\t\t\t\t<\/div>\n\t\t\t\t<div class=\"elementor-element elementor-element-d01db64 elementor-widget elementor-widget-text-editor\" data-id=\"d01db64\" data-element_type=\"widget\" data-e-type=\"widget\" data-widget_type=\"text-editor.default\">\n\t\t\t\t<div class=\"elementor-widget-container\">\n\t\t\t\t\t\t\t\t\t<p>Wir verf\u00fcgen \u00fcber ein umfangreiches Netzwerk von begeisterten Mitarbeitern. Wir werden alles tun, um ihnen und Ihren Mitarbeitern einen unvergesslichen Tag zu bereiten. Sie bevorzugen ein pers\u00f6nliches Treffen? Fordern Sie ein kostenloses und unverbindliches Kennenlerngespr\u00e4ch an!<\/p>\t\t\t\t\t\t\t\t<\/div>\n\t\t\t\t<\/div>\n\t\t\t\t<div class=\"elementor-element elementor-element-8a93711 elementor-align-center elementor-widget elementor-widget-button\" data-id=\"8a93711\" data-element_type=\"widget\" data-e-type=\"widget\" data-widget_type=\"button.default\">\n\t\t\t\t<div class=\"elementor-widget-container\">\n\t\t\t\t\t\t\t\t\t<div class=\"elementor-button-wrapper\">\n\t\t\t\t\t<a class=\"elementor-button elementor-button-link elementor-size-lg\" href=\"https:\/\/treat.nl\/de\/kontakt\/\">\n\t\t\t\t\t\t<span class=\"elementor-button-content-wrapper\">\n\t\t\t\t\t\t\t\t\t<span class=\"elementor-button-text\">KOSTENLOSES KENNENLERNGESPR\u00c4CH ANFRAGEN<\/span>\n\t\t\t\t\t<\/span>\n\t\t\t\t\t<\/a>\n\t\t\t\t<\/div>\n\t\t\t\t\t\t\t\t<\/div>\n\t\t\t\t<\/div>\n\t\t\t\t<\/div>\n\t\t\t\t\t<\/div>\n\t\t\t\t<\/div>\n\t\t\t\t<\/div>","protected":false},"excerpt":{"rendered":"<p>Wij laten mensen bruisen! Achter de schermen bij TreaT Treat events is al 20 jaar h\u00e9t evenementenbureau van Maastricht en Zuid-Limburg met een groot scala aan populaire teamuitjes en bruisende events op maat. Standaard? Absoluut niet. TreaT events bedenkt en ontwikkelt elk teamuitje en evenement zelf! Hierdoor is een aanpassing snel gedaan en zijn de [&hellip;]<\/p>\n","protected":false},"author":1,"featured_media":0,"parent":0,"menu_order":0,"comment_status":"closed","ping_status":"closed","template":"elementor_header_footer","meta":{"footnotes":""},"class_list":["post-249","page","type-page","status-publish","hentry"],"_links":{"self":[{"href":"https:\/\/treat.nl\/de\/wp-json\/wp\/v2\/pages\/249","targetHints":{"allow":["GET"]}}],"collection":[{"href":"https:\/\/treat.nl\/de\/wp-json\/wp\/v2\/pages"}],"about":[{"href":"https:\/\/treat.nl\/de\/wp-json\/wp\/v2\/types\/page"}],"author":[{"embeddable":true,"href":"https:\/\/treat.nl\/de\/wp-json\/wp\/v2\/users\/1"}],"replies":[{"embeddable":true,"href":"https:\/\/treat.nl\/de\/wp-json\/wp\/v2\/comments?post=249"}],"version-history":[{"count":11,"href":"https:\/\/treat.nl\/de\/wp-json\/wp\/v2\/pages\/249\/revisions"}],"predecessor-version":[{"id":2121,"href":"https:\/\/treat.nl\/de\/wp-json\/wp\/v2\/pages\/249\/revisions\/2121"}],"wp:attachment":[{"href":"https:\/\/treat.nl\/de\/wp-json\/wp\/v2\/media?parent=249"}],"curies":[{"name":"wp","href":"https:\/\/api.w.org\/{rel}","templated":true}]}}